{"id":7,"date":"2025-03-20T12:37:44","date_gmt":"2025-03-20T12:37:44","guid":{"rendered":"http:\/\/mikkeluttrup.dk\/amywinehousetribute.dk\/?page_id=7"},"modified":"2026-03-29T16:01:51","modified_gmt":"2026-03-29T16:01:51","slug":"amy-winehouse-tribute","status":"publish","type":"page","link":"https:\/\/amywinehousetribute.dk\/","title":{"rendered":""},"content":{"rendered":"\n<div class=\"wp-block-columns alignwide are-vertically-aligned-center is-style-section-3 is-layout-flex wp-container-core-columns-is-layout-28f84493 wp-block-columns-is-layout-flex is-style-section-3--1\">\n<div class=\"wp-block-column is-vertically-aligned-center is-style-default has-base-background-color has-background is-layout-flow wp-block-column-is-layout-flow\" style=\"flex-basis:100%\">\n<figure class=\"wp-block-image aligncenter size-large\"><img loading=\"lazy\" decoding=\"async\" width=\"1024\" height=\"704\" src=\"http:\/\/mikkeluttrup.dk\/amywinehousetribute.dk\/wp-content\/uploads\/2025\/04\/Amy-live-2-logo-1024x704.jpg\" alt=\"\" class=\"wp-image-61\" srcset=\"https:\/\/amywinehousetribute.dk\/wp-content\/uploads\/2025\/04\/Amy-live-2-logo-1024x704.jpg 1024w, https:\/\/amywinehousetribute.dk\/wp-content\/uploads\/2025\/04\/Amy-live-2-logo-300x206.jpg 300w, https:\/\/amywinehousetribute.dk\/wp-content\/uploads\/2025\/04\/Amy-live-2-logo-768x528.jpg 768w, https:\/\/amywinehousetribute.dk\/wp-content\/uploads\/2025\/04\/Amy-live-2-logo-1536x1056.jpg 1536w, https:\/\/amywinehousetribute.dk\/wp-content\/uploads\/2025\/04\/Amy-live-2-logo-2048x1408.jpg 2048w\" sizes=\"auto, (max-width: 1024px) 100vw, 1024px\" \/><\/figure>\n<\/div>\n<\/div>\n\n\n\n<div class=\"wp-block-group is-style-default has-global-padding is-layout-constrained wp-block-group-is-layout-constrained\" style=\"margin-top:0;margin-bottom:0;padding-top:var(--wp--preset--spacing--60);padding-bottom:var(--wp--preset--spacing--60)\">\n<div class=\"wp-block-columns alignwide has-small-font-size is-layout-flex wp-container-core-columns-is-layout-643ced6b wp-block-columns-is-layout-flex\">\n<div class=\"wp-block-column is-vertically-aligned-stretch has-large-font-size is-layout-flow wp-container-core-column-is-layout-b2a27621 wp-block-column-is-layout-flow\" style=\"border-style:none;border-width:0px;border-radius:0px;padding-top:0;padding-right:0;padding-bottom:0;padding-left:0;flex-basis:100%\">\n<div class=\"wp-block-columns is-layout-flex wp-container-core-columns-is-layout-28f84493 wp-block-columns-is-layout-flex\">\n<div class=\"wp-block-column is-layout-flow wp-block-column-is-layout-flow\" style=\"flex-basis:100%\"><\/div>\n<\/div>\n<\/div>\n<\/div>\n<\/div>\n\n\n\n<div class=\"wp-block-group alignfull is-style-section-5 has-global-padding is-layout-constrained wp-block-group-is-layout-constrained is-style-section-5--2\" style=\"margin-top:0;margin-bottom:0;padding-top:var(--wp--preset--spacing--50);padding-bottom:var(--wp--preset--spacing--50)\">\n<div class=\"wp-block-columns alignwide is-layout-flex wp-container-core-columns-is-layout-7ee84d44 wp-block-columns-is-layout-flex\">\n<div class=\"wp-block-column is-vertically-aligned-center is-style-section-5 is-layout-flow wp-block-column-is-layout-flow is-style-section-5--3\" style=\"flex-basis:50%\">\n<h2 class=\"wp-block-heading\">Amy Winehouse Tribute<\/h2>\n\n\n\n<p class=\"has-medium-font-size\">Med den karismatiske sanger Samara Bahrami i front, hyldes den legendariske sanger og sangskriver Amy Winehouse.&nbsp;<\/p>\n\n\n\n<p class=\"has-medium-font-size\">Bandet best\u00e5r af Kristoffer Lysgaard&nbsp;p\u00e5 trommer, Sebastian Krogh p\u00e5 bas, Mikkel Uttrup p\u00e5 guitar og Eline Engholm p\u00e5 kor og sammen genopliver de nogle af de fantastiske sange, som sanger og sangskriver Amy Winehouse skabte f\u00f8r sin alt for tidlige d\u00f8d i 2011.&nbsp;<\/p>\n\n\n\n<p class=\"has-medium-font-size\">Amy Winehouse er kendt for sin egen helt s\u00e6rlige sound med en blanding af jazz og soul, som den l\u00f8d blandt de afroamerikanske girl groups som feks The Ronettes og The Surpremes i 1960&#8217;ernes USA. Ofte krydret med break beats fra den tidlige hip-hop&nbsp;<\/p>\n\n\n\n<p class=\"has-medium-font-size\">Koncerter best\u00e5r af sange fra de to album \u201cFrank\u201d og gennembruddet \u201cBack To Black\u201d samt udvalgte sange fra Lioness: Hidden Treasures, som udkom efter hendes d\u00f8d. Undervejs&nbsp;supplerer Samara&nbsp;med fort\u00e6llinger om Winehouses fantastiske og tragiske liv og sk\u00e6bne.<\/p>\n<\/div>\n\n\n\n<div class=\"wp-block-column is-vertically-aligned-center is-layout-flow wp-block-column-is-layout-flow\" style=\"flex-basis:50%\">\n<figure class=\"wp-block-image size-full\"><img loading=\"lazy\" decoding=\"async\" width=\"2560\" height=\"1703\" src=\"http:\/\/mikkeluttrup.dk\/amywinehousetribute.dk\/wp-content\/uploads\/2025\/03\/Image-10-2-scaled.jpg\" alt=\"\" class=\"wp-image-16\" style=\"aspect-ratio:1;object-fit:cover\" srcset=\"https:\/\/amywinehousetribute.dk\/wp-content\/uploads\/2025\/03\/Image-10-2-scaled.jpg 2560w, https:\/\/amywinehousetribute.dk\/wp-content\/uploads\/2025\/03\/Image-10-2-300x200.jpg 300w, https:\/\/amywinehousetribute.dk\/wp-content\/uploads\/2025\/03\/Image-10-2-1024x681.jpg 1024w, https:\/\/amywinehousetribute.dk\/wp-content\/uploads\/2025\/03\/Image-10-2-768x511.jpg 768w, https:\/\/amywinehousetribute.dk\/wp-content\/uploads\/2025\/03\/Image-10-2-1536x1022.jpg 1536w, https:\/\/amywinehousetribute.dk\/wp-content\/uploads\/2025\/03\/Image-10-2-2048x1363.jpg 2048w\" sizes=\"auto, (max-width: 2560px) 100vw, 2560px\" \/><\/figure>\n<\/div>\n<\/div>\n<\/div>\n\n\n\n<div class=\"wp-block-group alignfull is-style-default has-global-padding is-layout-constrained wp-block-group-is-layout-constrained\" style=\"margin-top:0;margin-bottom:0;padding-top:var(--wp--preset--spacing--80);padding-bottom:var(--wp--preset--spacing--80)\">\n<div style=\"height:21px\" aria-hidden=\"true\" class=\"wp-block-spacer\"><\/div>\n\n\n\n<div class=\"wp-block-columns alignwide is-style-default is-layout-flex wp-container-core-columns-is-layout-28f84493 wp-block-columns-is-layout-flex\">\n<div class=\"wp-block-column is-layout-flow wp-block-column-is-layout-flow\" style=\"flex-basis:100%\">\n<div class=\"wp-block-group alignwide is-content-justification-center is-layout-flex wp-container-core-group-is-layout-2c471116 wp-block-group-is-layout-flex\">\n<figure class=\"wp-block-gallery has-nested-images columns-default is-cropped wp-block-gallery-4 is-layout-flex wp-block-gallery-is-layout-flex\">\n<figure class=\"wp-block-image size-large\"><img loading=\"lazy\" decoding=\"async\" width=\"1024\" height=\"683\" data-id=\"46\" src=\"https:\/\/amywinehousetribute.dk\/wp-content\/uploads\/2025\/03\/Foto_-Sven-Levandowsky-19016-1024x683.jpg\" alt=\"\" class=\"wp-image-46\" style=\"aspect-ratio:1.3333333333333333;object-fit:contain\" srcset=\"https:\/\/amywinehousetribute.dk\/wp-content\/uploads\/2025\/03\/Foto_-Sven-Levandowsky-19016-1024x683.jpg 1024w, https:\/\/amywinehousetribute.dk\/wp-content\/uploads\/2025\/03\/Foto_-Sven-Levandowsky-19016-300x200.jpg 300w, https:\/\/amywinehousetribute.dk\/wp-content\/uploads\/2025\/03\/Foto_-Sven-Levandowsky-19016-768x512.jpg 768w, https:\/\/amywinehousetribute.dk\/wp-content\/uploads\/2025\/03\/Foto_-Sven-Levandowsky-19016-1536x1024.jpg 1536w, https:\/\/amywinehousetribute.dk\/wp-content\/uploads\/2025\/03\/Foto_-Sven-Levandowsky-19016.jpg 2048w\" sizes=\"auto, (max-width: 1024px) 100vw, 1024px\" \/><\/figure>\n\n\n\n<figure class=\"wp-block-image size-large\"><img loading=\"lazy\" decoding=\"async\" width=\"1024\" height=\"683\" data-id=\"45\" src=\"https:\/\/amywinehousetribute.dk\/wp-content\/uploads\/2025\/03\/Foto_-Sven-Levandowsky-19017-1-1024x683.jpg\" alt=\"\" class=\"wp-image-45\" style=\"aspect-ratio:1.3333333333333333;object-fit:contain\" srcset=\"https:\/\/amywinehousetribute.dk\/wp-content\/uploads\/2025\/03\/Foto_-Sven-Levandowsky-19017-1-1024x683.jpg 1024w, https:\/\/amywinehousetribute.dk\/wp-content\/uploads\/2025\/03\/Foto_-Sven-Levandowsky-19017-1-300x200.jpg 300w, https:\/\/amywinehousetribute.dk\/wp-content\/uploads\/2025\/03\/Foto_-Sven-Levandowsky-19017-1-768x512.jpg 768w, https:\/\/amywinehousetribute.dk\/wp-content\/uploads\/2025\/03\/Foto_-Sven-Levandowsky-19017-1-1536x1024.jpg 1536w, https:\/\/amywinehousetribute.dk\/wp-content\/uploads\/2025\/03\/Foto_-Sven-Levandowsky-19017-1.jpg 2048w\" sizes=\"auto, (max-width: 1024px) 100vw, 1024px\" \/><\/figure>\n\n\n\n<figure class=\"wp-block-image size-large\"><img loading=\"lazy\" decoding=\"async\" width=\"1024\" height=\"683\" data-id=\"19\" src=\"https:\/\/amywinehousetribute.dk\/wp-content\/uploads\/2025\/03\/Foto_-Sven-Levandowsky-19015-1024x683.jpg\" alt=\"\" class=\"wp-image-19\" style=\"aspect-ratio:1.3333333333333333;object-fit:contain\" srcset=\"https:\/\/amywinehousetribute.dk\/wp-content\/uploads\/2025\/03\/Foto_-Sven-Levandowsky-19015-1024x683.jpg 1024w, https:\/\/amywinehousetribute.dk\/wp-content\/uploads\/2025\/03\/Foto_-Sven-Levandowsky-19015-300x200.jpg 300w, https:\/\/amywinehousetribute.dk\/wp-content\/uploads\/2025\/03\/Foto_-Sven-Levandowsky-19015-768x512.jpg 768w, https:\/\/amywinehousetribute.dk\/wp-content\/uploads\/2025\/03\/Foto_-Sven-Levandowsky-19015-1536x1024.jpg 1536w, https:\/\/amywinehousetribute.dk\/wp-content\/uploads\/2025\/03\/Foto_-Sven-Levandowsky-19015.jpg 2048w\" sizes=\"auto, (max-width: 1024px) 100vw, 1024px\" \/><\/figure>\n<\/figure>\n<\/div>\n<\/div>\n<\/div>\n\n\n\n<p><\/p>\n\n\n\n<h2 class=\"wp-block-heading has-text-align-center has-xx-large-font-size\">Events:<\/h2>\n\n\n\n<p class=\"has-text-align-center has-medium-font-size\" style=\"line-height:0.3\"><strong>2026<\/strong><\/p>\n\n\n\n<p class=\"has-text-align-center has-medium-font-size\" style=\"line-height:1\">8\/5 Kolding &#8211; Trio<br><br>15\/5 Slagelse &#8211; Trio<br><br>16\/5 Trommen H\u00f8rsholm &#8211; Trio<br><br>30\/10 Silkeborg &#8211; Band<br><br>19\/11  Kirkernes hus, Aalborg &#8211; Band<br><br><br><strong>2027<\/strong><br><br>9\/1 T\u00f8jhuset , Fredericia &#8211; Band<br><br>16\/1 Abzalon, Aalborg &#8211; Band<\/p>\n<\/div>\n\n\n\n<div class=\"wp-block-group alignfull is-style-default has-global-padding is-layout-constrained wp-block-group-is-layout-constrained\" style=\"margin-top:0;margin-bottom:0;padding-top:var(--wp--preset--spacing--80);padding-bottom:var(--wp--preset--spacing--80)\">\n<div class=\"wp-block-media-text is-stacked-on-mobile has-background\" style=\"background-color:#2c31b7;grid-template-columns:51% auto\"><figure class=\"wp-block-media-text__media\"><img loading=\"lazy\" decoding=\"async\" width=\"1024\" height=\"657\" src=\"http:\/\/amywinehousetribute.dk\/wp-content\/uploads\/2025\/03\/Image-2-2-1024x657.jpg\" alt=\"\" class=\"wp-image-14 size-full\" srcset=\"https:\/\/amywinehousetribute.dk\/wp-content\/uploads\/2025\/03\/Image-2-2-1024x657.jpg 1024w, https:\/\/amywinehousetribute.dk\/wp-content\/uploads\/2025\/03\/Image-2-2-300x193.jpg 300w, https:\/\/amywinehousetribute.dk\/wp-content\/uploads\/2025\/03\/Image-2-2-768x493.jpg 768w, https:\/\/amywinehousetribute.dk\/wp-content\/uploads\/2025\/03\/Image-2-2-1536x986.jpg 1536w, https:\/\/amywinehousetribute.dk\/wp-content\/uploads\/2025\/03\/Image-2-2-2048x1315.jpg 2048w\" sizes=\"auto, (max-width: 1024px) 100vw, 1024px\" \/><\/figure><div class=\"wp-block-media-text__content\">\n<p>Booking:<br>musicbooking.dk<br><a href=\"mailto:leif@musicbooking.dk\">leif@musicbooking.dk<\/a><br>51 24 49 79<\/p>\n<\/div><\/div>\n<\/div>\n\n\n\n<p class=\"has-text-align-center\"><\/p>\n\n\n\n<p><\/p>\n","protected":false},"excerpt":{"rendered":"<p>Amy Winehouse Tribute Med den karismatiske sanger Samara Bahrami i front, hyldes den legendariske sanger og sangskriver Amy Winehouse.&nbsp; Bandet best\u00e5r af Kristoffer Lysgaard&nbsp;p\u00e5 trommer, Sebastian Krogh p\u00e5 bas, Mikkel Uttrup p\u00e5 guitar og Eline Engholm p\u00e5 kor og sammen genopliver de nogle af de fantastiske sange, som sanger og sangskriver Amy Winehouse skabte f\u00f8r [&hellip;]<\/p>\n","protected":false},"author":1,"featured_media":0,"parent":0,"menu_order":0,"comment_status":"closed","ping_status":"closed","template":"","meta":{"footnotes":""},"class_list":["post-7","page","type-page","status-publish","hentry"],"_links":{"self":[{"href":"https:\/\/amywinehousetribute.dk\/index.php\/wp-json\/wp\/v2\/pages\/7","targetHints":{"allow":["GET"]}}],"collection":[{"href":"https:\/\/amywinehousetribute.dk\/index.php\/wp-json\/wp\/v2\/pages"}],"about":[{"href":"https:\/\/amywinehousetribute.dk\/index.php\/wp-json\/wp\/v2\/types\/page"}],"author":[{"embeddable":true,"href":"https:\/\/amywinehousetribute.dk\/index.php\/wp-json\/wp\/v2\/users\/1"}],"replies":[{"embeddable":true,"href":"https:\/\/amywinehousetribute.dk\/index.php\/wp-json\/wp\/v2\/comments?post=7"}],"version-history":[{"count":36,"href":"https:\/\/amywinehousetribute.dk\/index.php\/wp-json\/wp\/v2\/pages\/7\/revisions"}],"predecessor-version":[{"id":81,"href":"https:\/\/amywinehousetribute.dk\/index.php\/wp-json\/wp\/v2\/pages\/7\/revisions\/81"}],"wp:attachment":[{"href":"https:\/\/amywinehousetribute.dk\/index.php\/wp-json\/wp\/v2\/media?parent=7"}],"curies":[{"name":"wp","href":"https:\/\/api.w.org\/{rel}","templated":true}]}}